{"id":12066,"date":"2025-05-21T15:48:19","date_gmt":"2025-05-21T13:48:19","guid":{"rendered":"https:\/\/askalf.com\/?page_id=12066"},"modified":"2026-05-05T14:14:34","modified_gmt":"2026-05-05T12:14:34","slug":"contactez-nous","status":"publish","type":"page","link":"https:\/\/askalf.com\/fr\/contactez-nous\/","title":{"rendered":"Contactez nous"},"content":{"rendered":"\n<section class=\"bloc-hero-section flex flex-col justify-center items-center relative  pt-20 pb-10\"   \n  style=\" --text-color: #10006E\" x-data=\"{ isYearly: false }\">\n\n    <div class=\"colored-bloc\" \n    style=\"      background:transparent      \"><\/div>\n      \n<div class=\"container relative z-2\">\n        <div class=\"w-full lg:w-2\/3 mx-auto text-center\">\n              <div class=\"text-3xl lg:text-5xl text-center mt-2\"><h1>CONTACTEZ-NOUS<\/h1>\n<\/div>\n                          <div class=\"text-lg text-center font-light mt-2 lg:mt-5\">\n                      <span class=\"keyword\">Simplicit\u00e9<\/span>\n                      <span class=\"keyword\">Productivit\u00e9<\/span>\n                      <span class=\"keyword\">S\u00e9curit\u00e9<\/span>\n                  <\/div>\n                 <\/div>\n  <\/div>\n    \n  <\/section>\n\n<section class=\"bloc-paragraph-section flex flex-col justify-center items-center relative pt-6 md:pt-10 lg:pt-10 pb-10 md:pb-16 lg:pb-20\" style=\"--text-color: #10006E\" x-data=\"{ isYearly: false }\">\n <div class=\"colored-bloc\" \n    style=\"      background:#FFFFFF      \"><\/div>\n    \n<div class=\"w-full \">\n    <div class=\"container relative z-2\">\n            <div class=\"box-cut-corner w-full lg:w-2\/3 mx-auto\" style=\"--bg-color: #ECECEC;\">\n                <div class=\"flex items-start\">\n                          <div class=\"text-lg lg:text-2xl font-light\"><p>Depuis 2019, l&rsquo;\u00e9quipe d&rsquo;Alf contribue \u00e0 transformer en profondeur l&rsquo;industrie juridique. Notre mission : simplifier la vie des professionnels du droit et de l&rsquo;expertise comptable gr\u00e2ce aux technologies. Alf est constamment \u00e0 la recherche de nouveaux talents aux exp\u00e9riences et profils vari\u00e9s pour enrichir nos efforts. Nous ne recherchons pas un seul profil, mais plut\u00f4t un m\u00e9lange de personnalit\u00e9s dynamiques, capables de travailler en \u00e9quipe, d&rsquo;\u00eatre actives et d&rsquo;apprendre continuellement. Les esprits entreprenants, agiles et ambitieux s&rsquo;\u00e9panouiront ici.    <\/p>\n<\/div>\n                <\/div>\n      <\/div>\n              <div class=\"flex flex-row justify-end items-center w-full mx-auto mt-12 lg:w-2\/3\">\n          <a href=\"mailto:contact@thisisalf.com\" class=\"btn-arrow\">CONTACTEZ-NOUS<\/a>\n        <\/div>\n          <\/div>\n  <\/div>\n    \n<\/section>","protected":false},"excerpt":{"rendered":"","protected":false},"author":1,"featured_media":0,"parent":0,"menu_order":0,"comment_status":"closed","ping_status":"closed","template":"","meta":{"_acf_changed":false,"footnotes":""},"class_list":["post-12066","page","type-page","status-publish","hentry"],"acf":[],"yoast_head":"<!-- This site is optimized with the Yoast SEO plugin v27.4 - https:\/\/yoast.com\/product\/yoast-seo-wordpress\/ -->\n<title>Contactez nous - Alf<\/title>\n<meta name=\"robots\" content=\"index, follow, max-snippet:-1, max-image-preview:large, max-video-preview:-1\" \/>\n<link rel=\"canonical\" href=\"https:\/\/askalf.com\/fr\/contactez-nous\/\" \/>\n<meta property=\"og:locale\" content=\"fr_FR\" \/>\n<meta property=\"og:type\" content=\"article\" \/>\n<meta property=\"og:title\" content=\"Contactez nous - Alf\" \/>\n<meta property=\"og:url\" content=\"https:\/\/askalf.com\/fr\/contactez-nous\/\" \/>\n<meta property=\"og:site_name\" content=\"Alf\" \/>\n<meta property=\"article:modified_time\" content=\"2026-05-05T12:14:34+00:00\" \/>\n<meta name=\"twitter:card\" content=\"summary_large_image\" \/>\n<script type=\"application\/ld+json\" class=\"yoast-schema-graph\">{\"@context\":\"https:\\\/\\\/schema.org\",\"@graph\":[{\"@type\":\"WebPage\",\"@id\":\"https:\\\/\\\/askalf.com\\\/fr\\\/contactez-nous\\\/\",\"url\":\"https:\\\/\\\/askalf.com\\\/fr\\\/contactez-nous\\\/\",\"name\":\"Contactez nous - Alf\",\"isPartOf\":{\"@id\":\"https:\\\/\\\/askalf.com\\\/fr\\\/#website\"},\"datePublished\":\"2025-05-21T13:48:19+00:00\",\"dateModified\":\"2026-05-05T12:14:34+00:00\",\"breadcrumb\":{\"@id\":\"https:\\\/\\\/askalf.com\\\/fr\\\/contactez-nous\\\/#breadcrumb\"},\"inLanguage\":\"fr-FR\",\"potentialAction\":[{\"@type\":\"ReadAction\",\"target\":[\"https:\\\/\\\/askalf.com\\\/fr\\\/contactez-nous\\\/\"]}]},{\"@type\":\"BreadcrumbList\",\"@id\":\"https:\\\/\\\/askalf.com\\\/fr\\\/contactez-nous\\\/#breadcrumb\",\"itemListElement\":[{\"@type\":\"ListItem\",\"position\":1,\"name\":\"Accueil\",\"item\":\"https:\\\/\\\/askalf.com\\\/fr\\\/\"},{\"@type\":\"ListItem\",\"position\":2,\"name\":\"Contactez nous\"}]},{\"@type\":\"WebSite\",\"@id\":\"https:\\\/\\\/askalf.com\\\/fr\\\/#website\",\"url\":\"https:\\\/\\\/askalf.com\\\/fr\\\/\",\"name\":\"Alf\",\"description\":\"IA-Powered Platform for legal work\",\"potentialAction\":[{\"@type\":\"SearchAction\",\"target\":{\"@type\":\"EntryPoint\",\"urlTemplate\":\"https:\\\/\\\/askalf.com\\\/fr\\\/?s={search_term_string}\"},\"query-input\":{\"@type\":\"PropertyValueSpecification\",\"valueRequired\":true,\"valueName\":\"search_term_string\"}}],\"inLanguage\":\"fr-FR\"}]}<\/script>\n<!-- \/ Yoast SEO plugin. -->","yoast_head_json":{"title":"Contactez nous - Alf","robots":{"index":"index","follow":"follow","max-snippet":"max-snippet:-1","max-image-preview":"max-image-preview:large","max-video-preview":"max-video-preview:-1"},"canonical":"https:\/\/askalf.com\/fr\/contactez-nous\/","og_locale":"fr_FR","og_type":"article","og_title":"Contactez nous - Alf","og_url":"https:\/\/askalf.com\/fr\/contactez-nous\/","og_site_name":"Alf","article_modified_time":"2026-05-05T12:14:34+00:00","twitter_card":"summary_large_image","schema":{"@context":"https:\/\/schema.org","@graph":[{"@type":"WebPage","@id":"https:\/\/askalf.com\/fr\/contactez-nous\/","url":"https:\/\/askalf.com\/fr\/contactez-nous\/","name":"Contactez nous - Alf","isPartOf":{"@id":"https:\/\/askalf.com\/fr\/#website"},"datePublished":"2025-05-21T13:48:19+00:00","dateModified":"2026-05-05T12:14:34+00:00","breadcrumb":{"@id":"https:\/\/askalf.com\/fr\/contactez-nous\/#breadcrumb"},"inLanguage":"fr-FR","potentialAction":[{"@type":"ReadAction","target":["https:\/\/askalf.com\/fr\/contactez-nous\/"]}]},{"@type":"BreadcrumbList","@id":"https:\/\/askalf.com\/fr\/contactez-nous\/#breadcrumb","itemListElement":[{"@type":"ListItem","position":1,"name":"Accueil","item":"https:\/\/askalf.com\/fr\/"},{"@type":"ListItem","position":2,"name":"Contactez nous"}]},{"@type":"WebSite","@id":"https:\/\/askalf.com\/fr\/#website","url":"https:\/\/askalf.com\/fr\/","name":"Alf","description":"IA-Powered Platform for legal work","potentialAction":[{"@type":"SearchAction","target":{"@type":"EntryPoint","urlTemplate":"https:\/\/askalf.com\/fr\/?s={search_term_string}"},"query-input":{"@type":"PropertyValueSpecification","valueRequired":true,"valueName":"search_term_string"}}],"inLanguage":"fr-FR"}]}},"_links":{"self":[{"href":"https:\/\/askalf.com\/fr\/wp-json\/wp\/v2\/pages\/12066","targetHints":{"allow":["GET"]}}],"collection":[{"href":"https:\/\/askalf.com\/fr\/wp-json\/wp\/v2\/pages"}],"about":[{"href":"https:\/\/askalf.com\/fr\/wp-json\/wp\/v2\/types\/page"}],"author":[{"embeddable":true,"href":"https:\/\/askalf.com\/fr\/wp-json\/wp\/v2\/users\/1"}],"replies":[{"embeddable":true,"href":"https:\/\/askalf.com\/fr\/wp-json\/wp\/v2\/comments?post=12066"}],"version-history":[{"count":3,"href":"https:\/\/askalf.com\/fr\/wp-json\/wp\/v2\/pages\/12066\/revisions"}],"predecessor-version":[{"id":12265,"href":"https:\/\/askalf.com\/fr\/wp-json\/wp\/v2\/pages\/12066\/revisions\/12265"}],"wp:attachment":[{"href":"https:\/\/askalf.com\/fr\/wp-json\/wp\/v2\/media?parent=12066"}],"curies":[{"name":"wp","href":"https:\/\/api.w.org\/{rel}","templated":true}]}}